{"id":229,"date":"2025-01-06T22:56:17","date_gmt":"2025-01-07T01:56:17","guid":{"rendered":"https:\/\/ttisuccessinsights.cl\/sitio\/?page_id=229"},"modified":"2026-04-02T12:03:10","modified_gmt":"2026-04-02T15:03:10","slug":"blog","status":"publish","type":"page","link":"https:\/\/ttisuccessinsights.cl\/sitio\/blog\/","title":{"rendered":"BLOG"},"content":{"rendered":"\n[et_pb_section fb_built=\u00bb1&#8243; _builder_version=\u00bb4.27.4&#8243; _module_preset=\u00bbdefault\u00bb global_colors_info=\u00bb{}\u00bb][et_pb_row use_custom_gutter=\u00bbon\u00bb gutter_width=\u00bb2&#8243; _builder_version=\u00bb4.27.4&#8243; _module_preset=\u00bbdefault\u00bb custom_margin=\u00bb||||false|false\u00bb custom_padding=\u00bb||||false|false\u00bb global_colors_info=\u00bb{}\u00bb][et_pb_column type=\u00bb4_4&#8243; _builder_version=\u00bb4.27.4&#8243; _module_preset=\u00bbdefault\u00bb global_colors_info=\u00bb{}\u00bb][et_pb_blog fullwidth=\u00bboff\u00bb posts_number=\u00bb9&#8243; include_categories=\u00bball\u00bb excerpt_length=\u00bb50&#8243; show_author=\u00bboff\u00bb show_categories=\u00bboff\u00bb _builder_version=\u00bb4.27.4&#8243; _module_preset=\u00bbdefault\u00bb header_font=\u00bbMontserrat|700|||||||\u00bb header_text_color=\u00bb#000000&#8243; header_font_size=\u00bb18px\u00bb body_font=\u00bb&#8211;et_global_body_font||||||||\u00bb body_text_color=\u00bb#222222&#8243; body_font_size=\u00bb16px\u00bb meta_font=\u00bb&#8211;et_global_body_font|700|||||||\u00bb meta_text_color=\u00bb#f15b4e\u00bb meta_font_size=\u00bb16px\u00bb pagination_font=\u00bb&#8211;et_global_body_font||||||||\u00bb pagination_font_size=\u00bb20px\u00bb hover_enabled=\u00bb0&#8243; custom_css_free_form=\u00bb.pagination a {||    border: none !important;||    padding: 15px 35px !important;||    color: #FFFFFF !important;||    border-width: 0px !important;||    border-radius: 30px;||    font-size: 20px;||    font-family: &#8216;Open Sans&#8217;, Helvetica, Arial, Lucida, sans-serif !important;||    background-color: #f15b4e;||}||||.pagination a:hover {||    background-image: initial;||    background-color: #8c52ff;||}||||.blog-pagination {||    margin-top: 20px;||}\u00bb border_radii=\u00bbon|30px|30px|30px|30px\u00bb border_width_all=\u00bb2px\u00bb border_color_all=\u00bbrgba(203,203,203,0.3)\u00bb box_shadow_style=\u00bbpreset1&#8243; box_shadow_blur=\u00bb10px\u00bb box_shadow_spread=\u00bb-5px\u00bb box_shadow_vertical_tablet=\u00bb0px\u00bb box_shadow_vertical_phone=\u00bb0px\u00bb box_shadow_vertical_last_edited=\u00bbon|desktop\u00bb box_shadow_blur_tablet=\u00bb0px\u00bb box_shadow_blur_phone=\u00bb0px\u00bb box_shadow_blur_last_edited=\u00bbon|desktop\u00bb global_colors_info=\u00bb{}\u00bb box_shadow_horizontal__hover_enabled=\u00bboff|hover\u00bb box_shadow_horizontal__hover=\u00bb0px\u00bb box_shadow_vertical__hover_enabled=\u00bbon|hover\u00bb box_shadow_blur__hover_enabled=\u00bbon|hover\u00bb box_shadow_blur__hover=\u00bb10px\u00bb box_shadow_spread__hover_enabled=\u00bbon|hover\u00bb box_shadow_vertical__hover=\u00bb5px\u00bb box_shadow_spread__hover=\u00bb0px\u00bb child_filter_hue_rotate__hover_enabled=\u00bbon|hover\u00bb child_filter_hue_rotate__hover=\u00bb270deg\u00bb child_filter_saturate__hover_enabled=\u00bbon|hover\u00bb child_filter_saturate__hover=\u00bb130%\u00bb custom_padding=\u00bb||||true|true\u00bb sticky_enabled=\u00bb0&#8243;][\/et_pb_blog][\/et_pb_column][\/et_pb_row][\/et_pb_section]\n","protected":false},"excerpt":{"rendered":"","protected":false},"author":1,"featured_media":0,"parent":0,"menu_order":0,"comment_status":"closed","ping_status":"closed","template":"","meta":{"_et_pb_use_builder":"on","_et_pb_old_content":"","_et_gb_content_width":"","inline_featured_image":false,"footnotes":""},"class_list":["post-229","page","type-page","status-publish","hentry"],"yoast_head":"<!-- This site is optimized with the Yoast SEO plugin v27.3 - https:\/\/yoast.com\/product\/yoast-seo-wordpress\/ -->\n<title>Art\u00edculos TTI Chile<\/title>\n<meta name=\"description\" content=\"Tips y estrategias para evaluar y desarrollar el talento en tu organizaci\u00f3n. Lee los \u00faltimos art\u00edculos de TTI Chile.\" \/>\n<meta name=\"robots\" content=\"index, follow, max-snippet:-1, max-image-preview:large, max-video-preview:-1\" \/>\n<link rel=\"canonical\" href=\"https:\/\/ttisuccessinsights.cl\/sitio\/blog\/\" \/>\n<meta property=\"og:locale\" content=\"es_ES\" \/>\n<meta property=\"og:type\" content=\"article\" \/>\n<meta property=\"og:title\" content=\"Art\u00edculos TTI Chile\" \/>\n<meta property=\"og:description\" content=\"Tips y estrategias para evaluar y desarrollar el talento en tu organizaci\u00f3n. Lee los \u00faltimos art\u00edculos de TTI Chile.\" \/>\n<meta property=\"og:url\" content=\"https:\/\/ttisuccessinsights.cl\/sitio\/blog\/\" \/>\n<meta property=\"og:site_name\" content=\"TTI Success Insights Chile 2025\" \/>\n<meta property=\"article:modified_time\" content=\"2026-04-02T15:03:10+00:00\" \/>\n<meta name=\"twitter:card\" content=\"summary_large_image\" \/>\n<meta name=\"twitter:label1\" content=\"Tiempo de lectura\" \/>\n\t<meta name=\"twitter:data1\" content=\"3 minutos\" \/>\n<script type=\"application\/ld+json\" class=\"yoast-schema-graph\">{\"@context\":\"https:\\\/\\\/schema.org\",\"@graph\":[{\"@type\":\"WebPage\",\"@id\":\"https:\\\/\\\/ttisuccessinsights.cl\\\/sitio\\\/blog\\\/\",\"url\":\"https:\\\/\\\/ttisuccessinsights.cl\\\/sitio\\\/blog\\\/\",\"name\":\"Art\u00edculos TTI Chile\",\"isPartOf\":{\"@id\":\"https:\\\/\\\/ttisuccessinsights.cl\\\/sitio\\\/#website\"},\"datePublished\":\"2025-01-07T01:56:17+00:00\",\"dateModified\":\"2026-04-02T15:03:10+00:00\",\"description\":\"Tips y estrategias para evaluar y desarrollar el talento en tu organizaci\u00f3n. Lee los \u00faltimos art\u00edculos de TTI Chile.\",\"breadcrumb\":{\"@id\":\"https:\\\/\\\/ttisuccessinsights.cl\\\/sitio\\\/blog\\\/#breadcrumb\"},\"inLanguage\":\"es\",\"potentialAction\":[{\"@type\":\"ReadAction\",\"target\":[\"https:\\\/\\\/ttisuccessinsights.cl\\\/sitio\\\/blog\\\/\"]}]},{\"@type\":\"BreadcrumbList\",\"@id\":\"https:\\\/\\\/ttisuccessinsights.cl\\\/sitio\\\/blog\\\/#breadcrumb\",\"itemListElement\":[{\"@type\":\"ListItem\",\"position\":1,\"name\":\"Portada\",\"item\":\"https:\\\/\\\/ttisuccessinsights.cl\\\/sitio\\\/\"},{\"@type\":\"ListItem\",\"position\":2,\"name\":\"BLOG\"}]},{\"@type\":\"WebSite\",\"@id\":\"https:\\\/\\\/ttisuccessinsights.cl\\\/sitio\\\/#website\",\"url\":\"https:\\\/\\\/ttisuccessinsights.cl\\\/sitio\\\/\",\"name\":\"TTI Success Insights Chile\",\"description\":\"TTISI Chile\",\"publisher\":{\"@id\":\"https:\\\/\\\/ttisuccessinsights.cl\\\/sitio\\\/#organization\"},\"potentialAction\":[{\"@type\":\"SearchAction\",\"target\":{\"@type\":\"EntryPoint\",\"urlTemplate\":\"https:\\\/\\\/ttisuccessinsights.cl\\\/sitio\\\/?s={search_term_string}\"},\"query-input\":{\"@type\":\"PropertyValueSpecification\",\"valueRequired\":true,\"valueName\":\"search_term_string\"}}],\"inLanguage\":\"es\"},{\"@type\":\"Organization\",\"@id\":\"https:\\\/\\\/ttisuccessinsights.cl\\\/sitio\\\/#organization\",\"name\":\"TTI Success Insights Chile\",\"url\":\"https:\\\/\\\/ttisuccessinsights.cl\\\/sitio\\\/\",\"logo\":{\"@type\":\"ImageObject\",\"inLanguage\":\"es\",\"@id\":\"https:\\\/\\\/ttisuccessinsights.cl\\\/sitio\\\/#\\\/schema\\\/logo\\\/image\\\/\",\"url\":\"https:\\\/\\\/ttisuccessinsights.cl\\\/sitio\\\/wp-content\\\/uploads\\\/2025\\\/05\\\/cropped-Horizontal_Charcoal.png\",\"contentUrl\":\"https:\\\/\\\/ttisuccessinsights.cl\\\/sitio\\\/wp-content\\\/uploads\\\/2025\\\/05\\\/cropped-Horizontal_Charcoal.png\",\"width\":512,\"height\":512,\"caption\":\"TTI Success Insights Chile\"},\"image\":{\"@id\":\"https:\\\/\\\/ttisuccessinsights.cl\\\/sitio\\\/#\\\/schema\\\/logo\\\/image\\\/\"},\"sameAs\":[\"https:\\\/\\\/www.instagram.com\\\/ttisichile\\\/\",\"https:\\\/\\\/www.linkedin.com\\\/company\\\/tti-success-insights-chile\\\/\"]}]}<\/script>\n<!-- \/ Yoast SEO plugin. -->","yoast_head_json":{"title":"Art\u00edculos TTI Chile","description":"Tips y estrategias para evaluar y desarrollar el talento en tu organizaci\u00f3n. Lee los \u00faltimos art\u00edculos de TTI Chile.","robots":{"index":"index","follow":"follow","max-snippet":"max-snippet:-1","max-image-preview":"max-image-preview:large","max-video-preview":"max-video-preview:-1"},"canonical":"https:\/\/ttisuccessinsights.cl\/sitio\/blog\/","og_locale":"es_ES","og_type":"article","og_title":"Art\u00edculos TTI Chile","og_description":"Tips y estrategias para evaluar y desarrollar el talento en tu organizaci\u00f3n. Lee los \u00faltimos art\u00edculos de TTI Chile.","og_url":"https:\/\/ttisuccessinsights.cl\/sitio\/blog\/","og_site_name":"TTI Success Insights Chile 2025","article_modified_time":"2026-04-02T15:03:10+00:00","twitter_card":"summary_large_image","twitter_misc":{"Tiempo de lectura":"3 minutos"},"schema":{"@context":"https:\/\/schema.org","@graph":[{"@type":"WebPage","@id":"https:\/\/ttisuccessinsights.cl\/sitio\/blog\/","url":"https:\/\/ttisuccessinsights.cl\/sitio\/blog\/","name":"Art\u00edculos TTI Chile","isPartOf":{"@id":"https:\/\/ttisuccessinsights.cl\/sitio\/#website"},"datePublished":"2025-01-07T01:56:17+00:00","dateModified":"2026-04-02T15:03:10+00:00","description":"Tips y estrategias para evaluar y desarrollar el talento en tu organizaci\u00f3n. Lee los \u00faltimos art\u00edculos de TTI Chile.","breadcrumb":{"@id":"https:\/\/ttisuccessinsights.cl\/sitio\/blog\/#breadcrumb"},"inLanguage":"es","potentialAction":[{"@type":"ReadAction","target":["https:\/\/ttisuccessinsights.cl\/sitio\/blog\/"]}]},{"@type":"BreadcrumbList","@id":"https:\/\/ttisuccessinsights.cl\/sitio\/blog\/#breadcrumb","itemListElement":[{"@type":"ListItem","position":1,"name":"Portada","item":"https:\/\/ttisuccessinsights.cl\/sitio\/"},{"@type":"ListItem","position":2,"name":"BLOG"}]},{"@type":"WebSite","@id":"https:\/\/ttisuccessinsights.cl\/sitio\/#website","url":"https:\/\/ttisuccessinsights.cl\/sitio\/","name":"TTI Success Insights Chile","description":"TTISI Chile","publisher":{"@id":"https:\/\/ttisuccessinsights.cl\/sitio\/#organization"},"potentialAction":[{"@type":"SearchAction","target":{"@type":"EntryPoint","urlTemplate":"https:\/\/ttisuccessinsights.cl\/sitio\/?s={search_term_string}"},"query-input":{"@type":"PropertyValueSpecification","valueRequired":true,"valueName":"search_term_string"}}],"inLanguage":"es"},{"@type":"Organization","@id":"https:\/\/ttisuccessinsights.cl\/sitio\/#organization","name":"TTI Success Insights Chile","url":"https:\/\/ttisuccessinsights.cl\/sitio\/","logo":{"@type":"ImageObject","inLanguage":"es","@id":"https:\/\/ttisuccessinsights.cl\/sitio\/#\/schema\/logo\/image\/","url":"https:\/\/ttisuccessinsights.cl\/sitio\/wp-content\/uploads\/2025\/05\/cropped-Horizontal_Charcoal.png","contentUrl":"https:\/\/ttisuccessinsights.cl\/sitio\/wp-content\/uploads\/2025\/05\/cropped-Horizontal_Charcoal.png","width":512,"height":512,"caption":"TTI Success Insights Chile"},"image":{"@id":"https:\/\/ttisuccessinsights.cl\/sitio\/#\/schema\/logo\/image\/"},"sameAs":["https:\/\/www.instagram.com\/ttisichile\/","https:\/\/www.linkedin.com\/company\/tti-success-insights-chile\/"]}]}},"_links":{"self":[{"href":"https:\/\/ttisuccessinsights.cl\/sitio\/wp-json\/wp\/v2\/pages\/229","targetHints":{"allow":["GET"]}}],"collection":[{"href":"https:\/\/ttisuccessinsights.cl\/sitio\/wp-json\/wp\/v2\/pages"}],"about":[{"href":"https:\/\/ttisuccessinsights.cl\/sitio\/wp-json\/wp\/v2\/types\/page"}],"author":[{"embeddable":true,"href":"https:\/\/ttisuccessinsights.cl\/sitio\/wp-json\/wp\/v2\/users\/1"}],"replies":[{"embeddable":true,"href":"https:\/\/ttisuccessinsights.cl\/sitio\/wp-json\/wp\/v2\/comments?post=229"}],"version-history":[{"count":12,"href":"https:\/\/ttisuccessinsights.cl\/sitio\/wp-json\/wp\/v2\/pages\/229\/revisions"}],"predecessor-version":[{"id":1444,"href":"https:\/\/ttisuccessinsights.cl\/sitio\/wp-json\/wp\/v2\/pages\/229\/revisions\/1444"}],"wp:attachment":[{"href":"https:\/\/ttisuccessinsights.cl\/sitio\/wp-json\/wp\/v2\/media?parent=229"}],"curies":[{"name":"wp","href":"https:\/\/api.w.org\/{rel}","templated":true}]}}